{"id":701,"date":"2024-10-03T15:12:25","date_gmt":"2024-10-03T15:12:25","guid":{"rendered":"https:\/\/moonpathlight.eu\/?post_type=product&#038;p=701"},"modified":"2025-08-01T12:08:33","modified_gmt":"2025-08-01T09:08:33","slug":"valgusti-vaike-atlas","status":"publish","type":"product","link":"https:\/\/moonpathlight.eu\/fi\/toode\/valgusti-vaike-atlas\/","title":{"rendered":"Puutarhavalaisin Atlas 90cm"},"content":{"rendered":"<p><strong>Korkeus 90 cm<\/strong><br \/>\nValaisimen korkeus on 90 cm, joten se on ihanteellinen valinta puutarhoihin, terasseille ja ajoteille.<\/p>\n<p><strong>S\u00e4\u00e4dett\u00e4v\u00e4 valo<\/strong><br \/>\nValgusti t\u00f6\u00f6tab GU10 LED-pirniga, mille valguse tooni ja tugevust saab ise valida.<\/p>\n<p><strong>Helppo huolto<\/strong><br \/>\nPolttimon vaihto k\u00e4y nopeasti, joten valaisinta on helppo huoltaa. Se kest\u00e4\u00e4 huoletta vuosia.<\/p>\n<p><strong>Paindlik paigaldus<\/strong><br \/>\nValaisin voidaan asentaa joko ruuveilla tai erityisell\u00e4 terassikiinnikkeell\u00e4. Sopii erilaisille pinnoille ja on helppo asentaa juuri sinne, miss\u00e4 sit\u00e4 tarvitaan.<\/p>\n<p><strong>S\u00e4\u00e4nkest\u00e4v\u00e4<\/strong><br \/>\nIP44 tai korkeampi suojausluokka tarkoittaa, ett\u00e4 valaisin kest\u00e4\u00e4 hyvin sadetta, lunta, UV-s\u00e4teily\u00e4 ja l\u00e4mp\u00f6tilanvaihteluita. Sopii ulkok\u00e4ytt\u00f6\u00f6n ymp\u00e4ri vuoden.<\/p>\n<p><strong>Moderni muotoilu<\/strong><br \/>\nSopii sek\u00e4 moderniin ett\u00e4 klassiseen puutarhaan. Saatavana mustana, valkoisena, harmaana ja punaisena.<\/p>\n<p><strong>K\u00e4sintehty ja kest\u00e4v\u00e4<\/strong><br \/>\nRuostumattomasta ter\u00e4ksest\u00e4 valmistettu runko on suunniteltu kest\u00e4m\u00e4\u00e4n vuosia. Valaisin on valmistettu k\u00e4sity\u00f6n\u00e4 Virossa.<\/p>","protected":false},"excerpt":{"rendered":"<p><strong>MoonPath Atlas 90 cm <\/strong>on tyylik\u00e4s ja kest\u00e4v\u00e4 ulkovalaisin, joka tarjoaa hyv\u00e4n n\u00e4kyvyyden ja sopii t\u00e4ydellisesti polkujen, ajov\u00e4ylien ja terassien valaisemiseen.<\/p>\n<p>Valaisimen runko on valmistettu korkealaatuisesta ruostumattomasta ter\u00e4ksest\u00e4 ja se kest\u00e4\u00e4 kosteutta, kylm\u00e4\u00e4 ja UV-s\u00e4teily\u00e4. Se toimii vaihdettavalla GU10 LED-lampulla, jonka valon v\u00e4rin ja voimakkuuden voit itse valita.<\/p>\n<p>Asennus on helppoa \u2013 voit valita ruuvikiinnityksen tai erityisen terassikiinnikkeen. MoonPath Altas sopii sek\u00e4 moderneihin ett\u00e4 klassisiin puutarhoihin. K\u00e4sity\u00f6n\u00e4 Virossa valmistettu ja saatavilla mustana, valkoisena, harmaana ja punaisena.<\/p>\n<p>&nbsp;<\/p>","protected":false},"featured_media":1006,"comment_status":"open","ping_status":"closed","template":"","meta":[],"product_brand":[],"product_cat":[18],"product_tag":[],"class_list":{"0":"post-701","1":"product","2":"type-product","3":"status-publish","4":"has-post-thumbnail","6":"product_cat-aiavalgustid","8":"first","9":"instock","10":"taxable","11":"shipping-taxable","12":"purchasable","13":"product-type-variable"},"yoast_head":"<!-- This site is optimized with the Yoast SEO plugin v27.5 - https:\/\/yoast.com\/product\/yoast-seo-wordpress\/ -->\n<title>AIavalgusti Atlas - 90cm - MoonPath aiavalgustid<\/title>\n<meta name=\"description\" content=\"V\u00e4ike, ent v\u00f5imas aiavalgusti Atlas sobib nii klassikalisse kui modernsesse aeda. Loodud kestma igas ilmastikus. Tellimine on lihtne!\" \/>\n<meta name=\"robots\" content=\"index, follow, max-snippet:-1, max-image-preview:large, max-video-preview:-1\" \/>\n<link rel=\"canonical\" href=\"https:\/\/moonpathlight.eu\/fi\/tuote\/valgusti-vaike-atlas\/\" \/>\n<meta property=\"og:locale\" content=\"fi_FI\" \/>\n<meta property=\"og:type\" content=\"article\" \/>\n<meta property=\"og:title\" content=\"AIavalgusti Atlas - 90cm - MoonPath aiavalgustid\" \/>\n<meta property=\"og:description\" content=\"V\u00e4ike, ent v\u00f5imas aiavalgusti Atlas sobib nii klassikalisse kui modernsesse aeda. Loodud kestma igas ilmastikus. Tellimine on lihtne!\" \/>\n<meta property=\"og:url\" content=\"https:\/\/moonpathlight.eu\/fi\/tuote\/valgusti-vaike-atlas\/\" \/>\n<meta property=\"og:site_name\" content=\"MoonPath aiavalgustid\" \/>\n<meta property=\"article:publisher\" content=\"https:\/\/www.facebook.com\/profile.php?id=61566809401026\" \/>\n<meta property=\"article:modified_time\" content=\"2025-08-01T09:08:33+00:00\" \/>\n<meta property=\"og:image\" content=\"https:\/\/moonpathlight.eu\/wp-content\/uploads\/2025\/01\/Valgusti-9-RAL-9005-scaled.jpg\" \/>\n\t<meta property=\"og:image:width\" content=\"2560\" \/>\n\t<meta property=\"og:image:height\" content=\"1440\" \/>\n\t<meta property=\"og:image:type\" content=\"image\/jpeg\" \/>\n<meta name=\"twitter:card\" content=\"summary_large_image\" \/>\n<meta name=\"twitter:label1\" content=\"Arvioitu lukuaika\" \/>\n\t<meta name=\"twitter:data1\" content=\"1 minuutti\" \/>\n<script type=\"application\/ld+json\" class=\"yoast-schema-graph\">{\"@context\":\"https:\\\/\\\/schema.org\",\"@graph\":[{\"@type\":\"WebPage\",\"@id\":\"https:\\\/\\\/moonpathlight.eu\\\/en\\\/product\\\/valgusti-vaike-atlas\\\/\",\"url\":\"https:\\\/\\\/moonpathlight.eu\\\/en\\\/product\\\/valgusti-vaike-atlas\\\/\",\"name\":\"AIavalgusti Atlas - 90cm - MoonPath aiavalgustid\",\"isPartOf\":{\"@id\":\"https:\\\/\\\/moonpathlight.eu\\\/en\\\/#website\"},\"primaryImageOfPage\":{\"@id\":\"https:\\\/\\\/moonpathlight.eu\\\/en\\\/product\\\/valgusti-vaike-atlas\\\/#primaryimage\"},\"image\":{\"@id\":\"https:\\\/\\\/moonpathlight.eu\\\/en\\\/product\\\/valgusti-vaike-atlas\\\/#primaryimage\"},\"thumbnailUrl\":\"https:\\\/\\\/moonpathlight.eu\\\/wp-content\\\/uploads\\\/2025\\\/01\\\/Valgusti-9-RAL-9005-scaled.jpg\",\"datePublished\":\"2024-10-03T15:12:25+00:00\",\"dateModified\":\"2025-08-01T09:08:33+00:00\",\"description\":\"V\u00e4ike, ent v\u00f5imas aiavalgusti Atlas sobib nii klassikalisse kui modernsesse aeda. Loodud kestma igas ilmastikus. Tellimine on lihtne!\",\"breadcrumb\":{\"@id\":\"https:\\\/\\\/moonpathlight.eu\\\/en\\\/product\\\/valgusti-vaike-atlas\\\/#breadcrumb\"},\"inLanguage\":\"fi\",\"potentialAction\":[{\"@type\":\"ReadAction\",\"target\":[\"https:\\\/\\\/moonpathlight.eu\\\/en\\\/product\\\/valgusti-vaike-atlas\\\/\"]}]},{\"@type\":\"ImageObject\",\"inLanguage\":\"fi\",\"@id\":\"https:\\\/\\\/moonpathlight.eu\\\/en\\\/product\\\/valgusti-vaike-atlas\\\/#primaryimage\",\"url\":\"https:\\\/\\\/moonpathlight.eu\\\/wp-content\\\/uploads\\\/2025\\\/01\\\/Valgusti-9-RAL-9005-scaled.jpg\",\"contentUrl\":\"https:\\\/\\\/moonpathlight.eu\\\/wp-content\\\/uploads\\\/2025\\\/01\\\/Valgusti-9-RAL-9005-scaled.jpg\",\"width\":2560,\"height\":1440},{\"@type\":\"BreadcrumbList\",\"@id\":\"https:\\\/\\\/moonpathlight.eu\\\/en\\\/product\\\/valgusti-vaike-atlas\\\/#breadcrumb\",\"itemListElement\":[{\"@type\":\"ListItem\",\"position\":1,\"name\":\"Home\",\"item\":\"https:\\\/\\\/moonpathlight.eu\\\/\"},{\"@type\":\"ListItem\",\"position\":2,\"name\":\"Pood\",\"item\":\"https:\\\/\\\/moonpathlight.eu\\\/pood\\\/\"},{\"@type\":\"ListItem\",\"position\":3,\"name\":\"AIavalgusti Atlas &#8211; 90cm\"}]},{\"@type\":\"WebSite\",\"@id\":\"https:\\\/\\\/moonpathlight.eu\\\/en\\\/#website\",\"url\":\"https:\\\/\\\/moonpathlight.eu\\\/en\\\/\",\"name\":\"MoonPath aiavalgustid\",\"description\":\"K&auml;sit&ouml;&ouml;na valminud k&otilde;rgkvaliteetsed aiavalgustid\",\"publisher\":{\"@id\":\"https:\\\/\\\/moonpathlight.eu\\\/en\\\/#organization\"},\"potentialAction\":[{\"@type\":\"SearchAction\",\"target\":{\"@type\":\"EntryPoint\",\"urlTemplate\":\"https:\\\/\\\/moonpathlight.eu\\\/en\\\/?s={search_term_string}\"},\"query-input\":{\"@type\":\"PropertyValueSpecification\",\"valueRequired\":true,\"valueName\":\"search_term_string\"}}],\"inLanguage\":\"fi\"},{\"@type\":\"Organization\",\"@id\":\"https:\\\/\\\/moonpathlight.eu\\\/en\\\/#organization\",\"name\":\"MoonPath aiavalgustid\",\"url\":\"https:\\\/\\\/moonpathlight.eu\\\/en\\\/\",\"logo\":{\"@type\":\"ImageObject\",\"inLanguage\":\"fi\",\"@id\":\"https:\\\/\\\/moonpathlight.eu\\\/en\\\/#\\\/schema\\\/logo\\\/image\\\/\",\"url\":\"https:\\\/\\\/moonpathlight.eu\\\/wp-content\\\/uploads\\\/2023\\\/09\\\/cropped-moonpath_valge_mustal_taustal-removebg-preview.png\",\"contentUrl\":\"https:\\\/\\\/moonpathlight.eu\\\/wp-content\\\/uploads\\\/2023\\\/09\\\/cropped-moonpath_valge_mustal_taustal-removebg-preview.png\",\"width\":500,\"height\":500,\"caption\":\"MoonPath aiavalgustid\"},\"image\":{\"@id\":\"https:\\\/\\\/moonpathlight.eu\\\/en\\\/#\\\/schema\\\/logo\\\/image\\\/\"},\"sameAs\":[\"https:\\\/\\\/www.facebook.com\\\/profile.php?id=61566809401026\"]}]}<\/script>\n<!-- \/ Yoast SEO plugin. -->","yoast_head_json":{"title":"AIavalgusti Atlas - 90cm - MoonPath aiavalgustid","description":"V\u00e4ike, ent v\u00f5imas aiavalgusti Atlas sobib nii klassikalisse kui modernsesse aeda. Loodud kestma igas ilmastikus. Tellimine on lihtne!","robots":{"index":"index","follow":"follow","max-snippet":"max-snippet:-1","max-image-preview":"max-image-preview:large","max-video-preview":"max-video-preview:-1"},"canonical":"https:\/\/moonpathlight.eu\/fi\/tuote\/valgusti-vaike-atlas\/","og_locale":"fi_FI","og_type":"article","og_title":"AIavalgusti Atlas - 90cm - MoonPath aiavalgustid","og_description":"V\u00e4ike, ent v\u00f5imas aiavalgusti Atlas sobib nii klassikalisse kui modernsesse aeda. Loodud kestma igas ilmastikus. Tellimine on lihtne!","og_url":"https:\/\/moonpathlight.eu\/fi\/tuote\/valgusti-vaike-atlas\/","og_site_name":"MoonPath aiavalgustid","article_publisher":"https:\/\/www.facebook.com\/profile.php?id=61566809401026","article_modified_time":"2025-08-01T09:08:33+00:00","og_image":[{"width":2560,"height":1440,"url":"https:\/\/moonpathlight.eu\/wp-content\/uploads\/2025\/01\/Valgusti-9-RAL-9005-scaled.jpg","type":"image\/jpeg"}],"twitter_card":"summary_large_image","twitter_misc":{"Arvioitu lukuaika":"1 minuutti"},"schema":{"@context":"https:\/\/schema.org","@graph":[{"@type":"WebPage","@id":"https:\/\/moonpathlight.eu\/en\/product\/valgusti-vaike-atlas\/","url":"https:\/\/moonpathlight.eu\/en\/product\/valgusti-vaike-atlas\/","name":"AIavalgusti Atlas - 90cm - MoonPath aiavalgustid","isPartOf":{"@id":"https:\/\/moonpathlight.eu\/en\/#website"},"primaryImageOfPage":{"@id":"https:\/\/moonpathlight.eu\/en\/product\/valgusti-vaike-atlas\/#primaryimage"},"image":{"@id":"https:\/\/moonpathlight.eu\/en\/product\/valgusti-vaike-atlas\/#primaryimage"},"thumbnailUrl":"https:\/\/moonpathlight.eu\/wp-content\/uploads\/2025\/01\/Valgusti-9-RAL-9005-scaled.jpg","datePublished":"2024-10-03T15:12:25+00:00","dateModified":"2025-08-01T09:08:33+00:00","description":"V\u00e4ike, ent v\u00f5imas aiavalgusti Atlas sobib nii klassikalisse kui modernsesse aeda. Loodud kestma igas ilmastikus. Tellimine on lihtne!","breadcrumb":{"@id":"https:\/\/moonpathlight.eu\/en\/product\/valgusti-vaike-atlas\/#breadcrumb"},"inLanguage":"fi","potentialAction":[{"@type":"ReadAction","target":["https:\/\/moonpathlight.eu\/en\/product\/valgusti-vaike-atlas\/"]}]},{"@type":"ImageObject","inLanguage":"fi","@id":"https:\/\/moonpathlight.eu\/en\/product\/valgusti-vaike-atlas\/#primaryimage","url":"https:\/\/moonpathlight.eu\/wp-content\/uploads\/2025\/01\/Valgusti-9-RAL-9005-scaled.jpg","contentUrl":"https:\/\/moonpathlight.eu\/wp-content\/uploads\/2025\/01\/Valgusti-9-RAL-9005-scaled.jpg","width":2560,"height":1440},{"@type":"BreadcrumbList","@id":"https:\/\/moonpathlight.eu\/en\/product\/valgusti-vaike-atlas\/#breadcrumb","itemListElement":[{"@type":"ListItem","position":1,"name":"Home","item":"https:\/\/moonpathlight.eu\/"},{"@type":"ListItem","position":2,"name":"Pood","item":"https:\/\/moonpathlight.eu\/pood\/"},{"@type":"ListItem","position":3,"name":"AIavalgusti Atlas &#8211; 90cm"}]},{"@type":"WebSite","@id":"https:\/\/moonpathlight.eu\/en\/#website","url":"https:\/\/moonpathlight.eu\/en\/","name":"MoonPath puutarhavalot","description":"K\u00e4sintehdyt korkealaatuiset puutarhavalot","publisher":{"@id":"https:\/\/moonpathlight.eu\/en\/#organization"},"potentialAction":[{"@type":"SearchAction","target":{"@type":"EntryPoint","urlTemplate":"https:\/\/moonpathlight.eu\/en\/?s={search_term_string}"},"query-input":{"@type":"PropertyValueSpecification","valueRequired":true,"valueName":"search_term_string"}}],"inLanguage":"fi"},{"@type":"Organization","@id":"https:\/\/moonpathlight.eu\/en\/#organization","name":"MoonPath puutarhavalot","url":"https:\/\/moonpathlight.eu\/en\/","logo":{"@type":"ImageObject","inLanguage":"fi","@id":"https:\/\/moonpathlight.eu\/en\/#\/schema\/logo\/image\/","url":"https:\/\/moonpathlight.eu\/wp-content\/uploads\/2023\/09\/cropped-moonpath_valge_mustal_taustal-removebg-preview.png","contentUrl":"https:\/\/moonpathlight.eu\/wp-content\/uploads\/2023\/09\/cropped-moonpath_valge_mustal_taustal-removebg-preview.png","width":500,"height":500,"caption":"MoonPath aiavalgustid"},"image":{"@id":"https:\/\/moonpathlight.eu\/en\/#\/schema\/logo\/image\/"},"sameAs":["https:\/\/www.facebook.com\/profile.php?id=61566809401026"]}]}},"_links":{"self":[{"href":"https:\/\/moonpathlight.eu\/fi\/wp-json\/wp\/v2\/product\/701","targetHints":{"allow":["GET"]}}],"collection":[{"href":"https:\/\/moonpathlight.eu\/fi\/wp-json\/wp\/v2\/product"}],"about":[{"href":"https:\/\/moonpathlight.eu\/fi\/wp-json\/wp\/v2\/types\/product"}],"replies":[{"embeddable":true,"href":"https:\/\/moonpathlight.eu\/fi\/wp-json\/wp\/v2\/comments?post=701"}],"wp:featuredmedia":[{"embeddable":true,"href":"https:\/\/moonpathlight.eu\/fi\/wp-json\/wp\/v2\/media\/1006"}],"wp:attachment":[{"href":"https:\/\/moonpathlight.eu\/fi\/wp-json\/wp\/v2\/media?parent=701"}],"wp:term":[{"taxonomy":"product_brand","embeddable":true,"href":"https:\/\/moonpathlight.eu\/fi\/wp-json\/wp\/v2\/product_brand?post=701"},{"taxonomy":"product_cat","embeddable":true,"href":"https:\/\/moonpathlight.eu\/fi\/wp-json\/wp\/v2\/product_cat?post=701"},{"taxonomy":"product_tag","embeddable":true,"href":"https:\/\/moonpathlight.eu\/fi\/wp-json\/wp\/v2\/product_tag?post=701"}],"curies":[{"name":"wp","href":"https:\/\/api.w.org\/{rel}","templated":true}]}}