{"id":1525,"date":"2025-07-19T13:43:41","date_gmt":"2025-07-19T10:43:41","guid":{"rendered":"https:\/\/moonpathlight.eu\/?page_id=1525"},"modified":"2025-07-19T13:47:34","modified_gmt":"2025-07-19T10:47:34","slug":"maksuvaihtoehdot","status":"publish","type":"page","link":"https:\/\/moonpathlight.eu\/fi\/jarelmaksu-voimalused\/","title":{"rendered":"Joustavien maksuvaihtoehtojen"},"content":{"rendered":"<div data-elementor-type=\"wp-page\" data-elementor-id=\"1525\" class=\"elementor elementor-1525\" data-elementor-settings=\"{&quot;ha_cmc_init_switcher&quot;:&quot;no&quot;}\">\n\t\t\t\t\t\t<section class=\"elementor-section elementor-top-section elementor-element elementor-element-f49324d elementor-section-content-middle elementor-section-height-min-height elementor-section-boxed elementor-section-height-default elementor-section-items-middle\" data-id=\"f49324d\" data-element_type=\"section\" data-e-type=\"section\" data-settings=\"{&quot;background_background&quot;:&quot;classic&quot;,&quot;_ha_eqh_enable&quot;:false}\">\n\t\t\t\t\t\t\t<div class=\"elementor-background-overlay\"><\/div>\n\t\t\t\t\t\t\t<div class=\"elementor-container elementor-column-gap-default\">\n\t\t\t\t\t<div class=\"elementor-column elementor-col-100 elementor-top-column elementor-element elementor-element-6768159\" data-id=\"6768159\" data-element_type=\"column\" data-e-type=\"column\">\n\t\t\t<div class=\"elementor-widget-wrap elementor-element-populated\">\n\t\t\t\t\t\t<div class=\"elementor-element elementor-element-f6f95cc elementor-widget__width-initial elementor-widget-tablet__width-inherit elementor-widget elementor-widget-heading\" data-id=\"f6f95cc\" data-element_type=\"widget\" data-e-type=\"widget\" data-widget_type=\"heading.default\">\n\t\t\t\t\t<h1 class=\"elementor-heading-title elementor-size-default\">Joustavien maksuvaihtoehtojen<\/h1>\t\t\t\t<\/div>\n\t\t\t\t\t<\/div>\n\t\t<\/div>\n\t\t\t\t\t<\/div>\n\t\t<\/section>\n\t\t<div class=\"elementor-element elementor-element-40754200 e-flex e-con-boxed e-con e-parent\" data-id=\"40754200\" data-element_type=\"container\" data-e-type=\"container\" data-settings=\"{&quot;_ha_eqh_enable&quot;:false}\">\n\t\t\t\t\t<div class=\"e-con-inner\">\n\t\t\t\t<div class=\"elementor-element elementor-element-6205d5cf elementor-widget elementor-widget-text-editor\" data-id=\"6205d5cf\" data-element_type=\"widget\" data-e-type=\"widget\" data-widget_type=\"text-editor.default\">\n\t\t\t\t\t\t\t\t\t<h2 data-start=\"146\" data-end=\"194\">Osta nyt, maksa my\u00f6hemmin, ilman lis\u00e4kustannuksia<\/h2>\n<p data-start=\"195\" data-end=\"423\">Halutessasi voit maksaa ostoksesi my\u00f6hemmin kahdessa tai kolmessa yht\u00e4 suuressa er\u00e4ss\u00e4. Korkoja tai lis\u00e4maksuja ei perit\u00e4. Se on helppo tapa tehd\u00e4 ostos t\u00e4n\u00e4\u00e4n ja jakaa maksu mukavasti l\u00e4hitulevaisuuteen - mik\u00e4 tahansa sopii budjettiisi.<\/p>\n<h3 data-start=\"425\" data-end=\"449\">Joustava ja yksinkertainen<\/h3>\n<ul data-start=\"450\" data-end=\"603\">\n<li data-start=\"450\" data-end=\"483\">\n<p data-start=\"452\" data-end=\"483\">Ostosumma 30-2500 euroa<\/p>\n<\/li>\n<li data-start=\"484\" data-end=\"518\">\n<p data-start=\"486\" data-end=\"518\">Takaisinmaksuaika enint\u00e4\u00e4n 3 kuukautta<\/p>\n<\/li>\n<li data-start=\"519\" data-end=\"547\">\n<p data-start=\"521\" data-end=\"547\">0% korko, 0 \u20ac lis\u00e4maksu.<\/p>\n<\/li>\n<li data-start=\"548\" data-end=\"603\">\n<p data-start=\"550\" data-end=\"603\">Mahdollisuus maksaa eriss\u00e4 ilman rahoitussitoumusta.<\/p>\n<\/li>\n<\/ul>\n<h2 data-start=\"610\" data-end=\"656\">\u00a0<\/h2>\n<h2 data-start=\"610\" data-end=\"656\">Pankin sis\u00e4iset osamaksut - suurempiin hankintoihin<\/h2>\n<p data-start=\"657\" data-end=\"810\">Jos haluat jakaa maksut pidemm\u00e4lle ajanjaksolle, tarjoamme mahdollisuuden k\u00e4ytt\u00e4\u00e4 Inbankin osamaksuj\u00e4rjestelm\u00e4\u00e4. Valitse maksuer\u00e4n suuruus ja maksuaika, joka voi olla enint\u00e4\u00e4n 72 kuukautta.<\/p>\n<h3 data-start=\"812\" data-end=\"844\">Osamaksujen edut<\/h3>\n<ul data-start=\"845\" data-end=\"1018\">\n<li data-start=\"845\" data-end=\"911\">\n<p data-start=\"847\" data-end=\"911\">Ostosumma 100 eurosta 2500 euroon (mahdollisesti jopa 10 000 euroon).<\/p>\n<\/li>\n<li data-start=\"912\" data-end=\"948\">\n<p data-start=\"914\" data-end=\"948\">Osamaksuaika 3-72 kuukautta<\/p>\n<\/li>\n<li data-start=\"949\" data-end=\"983\">\n<p data-start=\"951\" data-end=\"983\">Sovelletaan korkoa ja palvelumaksuja<\/p>\n<\/li>\n<li data-start=\"984\" data-end=\"1018\">\n<p data-start=\"986\" data-end=\"1018\">Saat vastauksen ~30 sekunnin kuluessa.<\/p>\n<\/li>\n<\/ul>\n<p>\u00a0<\/p>\n<h2 data-start=\"1025\" data-end=\"1056\">Miten maksetaan osamaksulla?<\/h2>\n<ol data-start=\"1057\" data-end=\"1257\">\n<li data-start=\"1057\" data-end=\"1092\">\n<p data-start=\"1060\" data-end=\"1092\">Lis\u00e4\u00e4 haluamasi tuotteet ostoskoriin<\/p>\n<\/li>\n<li data-start=\"1093\" data-end=\"1160\">\n<p data-start=\"1096\" data-end=\"1160\">Valitse kassalla maksutavaksi \u201eMaksa my\u00f6hemmin\u201c tai \u201eMaksa tilauksen mukaan\u201c.\u201c<\/p>\n<\/li>\n<li data-start=\"1161\" data-end=\"1179\">\n<p data-start=\"1164\" data-end=\"1179\">T\u00e4yt\u00e4 hakemus<\/p>\n<\/li>\n<li data-start=\"1180\" data-end=\"1257\">\n<p data-start=\"1183\" data-end=\"1257\">Vahvista ostoksesi ja nauti siit\u00e4, kun maksat valitsemiesi ehtojen mukaisesti.<\/p>\n<\/li>\n<\/ol>\n<p><!-- \/wp:paragraph --><!-- wp:paragraph --><\/p>\n<p><!-- \/wp:paragraph --><\/p>\t\t\t\t\t\t\t\t<\/div>\n\t\t\t\t<div class=\"elementor-element elementor-element-5e45338 elementor-align-left elementor-widget elementor-widget-button\" data-id=\"5e45338\" data-element_type=\"widget\" data-e-type=\"widget\" data-widget_type=\"button.default\">\n\t\t\t\t\t\t\t\t\t\t<a class=\"elementor-button elementor-button-link elementor-size-sm\" href=\"https:\/\/moonpathlight.eu\/fi\/shop\/\">\n\t\t\t\t\t\t<span class=\"elementor-button-content-wrapper\">\n\t\t\t\t\t\t\t\t\t<span class=\"elementor-button-text\">Mene kauppaan<\/span>\n\t\t\t\t\t<\/span>\n\t\t\t\t\t<\/a>\n\t\t\t\t\t\t\t\t<\/div>\n\t\t\t\t\t<\/div>\n\t\t\t\t<\/div>\n\t\t\t\t<\/div>","protected":false},"excerpt":{"rendered":"<p>J\u00e4relmaksu v\u00f5imalused Osta n\u00fc\u00fcd, maksa hiljem, lisakuludeta Soovi korral saad oma ostu eest tasuda hiljem kahes v\u00f5i kolmes v\u00f5rdses osas. Intressi ega lisatasusid ei rakendu. See on lihtne viis teha ost t\u00e4na ja jaotada maksmine mugavalt l\u00e4hitulevikku \u2013 just nii, nagu Sinu eelarvele sobib. Paindlik ja lihtne Ostusumma vahemikus 30\u20132500 \u20ac Tagasimakseperiood kuni 3 kuud [&hellip;]<\/p>\n","protected":false},"author":4,"featured_media":0,"parent":0,"menu_order":0,"comment_status":"closed","ping_status":"closed","template":"","meta":{"footnotes":""},"class_list":["post-1525","page","type-page","status-publish","hentry"],"yoast_head":"<!-- This site is optimized with the Yoast SEO plugin v27.4 - https:\/\/yoast.com\/product\/yoast-seo-wordpress\/ -->\n<title>J\u00e4relmaksu v\u00f5imalused<\/title>\n<meta name=\"robots\" content=\"index, follow, max-snippet:-1, max-image-preview:large, max-video-preview:-1\" \/>\n<link rel=\"canonical\" href=\"https:\/\/moonpathlight.eu\/fi\/maksuvaihtoehdot\/\" \/>\n<meta property=\"og:locale\" content=\"fi_FI\" \/>\n<meta property=\"og:type\" content=\"article\" \/>\n<meta property=\"og:title\" content=\"J\u00e4relmaksu v\u00f5imalused\" \/>\n<meta property=\"og:description\" content=\"J\u00e4relmaksu v\u00f5imalused Osta n\u00fc\u00fcd, maksa hiljem, lisakuludeta Soovi korral saad oma ostu eest tasuda hiljem kahes v\u00f5i kolmes v\u00f5rdses osas. Intressi ega lisatasusid ei rakendu. See on lihtne viis teha ost t\u00e4na ja jaotada maksmine mugavalt l\u00e4hitulevikku \u2013 just nii, nagu Sinu eelarvele sobib. Paindlik ja lihtne Ostusumma vahemikus 30\u20132500 \u20ac Tagasimakseperiood kuni 3 kuud [&hellip;]\" \/>\n<meta property=\"og:url\" content=\"https:\/\/moonpathlight.eu\/fi\/maksuvaihtoehdot\/\" \/>\n<meta property=\"og:site_name\" content=\"MoonPath aiavalgustid\" \/>\n<meta property=\"article:publisher\" content=\"https:\/\/www.facebook.com\/profile.php?id=61566809401026\" \/>\n<meta property=\"article:modified_time\" content=\"2025-07-19T10:47:34+00:00\" \/>\n<meta name=\"twitter:card\" content=\"summary_large_image\" \/>\n<meta name=\"twitter:label1\" content=\"Arvioitu lukuaika\" \/>\n\t<meta name=\"twitter:data1\" content=\"1 minuutti\" \/>\n<script type=\"application\/ld+json\" class=\"yoast-schema-graph\">{\"@context\":\"https:\\\/\\\/schema.org\",\"@graph\":[{\"@type\":\"WebPage\",\"@id\":\"https:\\\/\\\/moonpathlight.eu\\\/jarelmaksu-voimalused\\\/\",\"url\":\"https:\\\/\\\/moonpathlight.eu\\\/jarelmaksu-voimalused\\\/\",\"name\":\"J\u00e4relmaksu v\u00f5imalused\",\"isPartOf\":{\"@id\":\"https:\\\/\\\/moonpathlight.eu\\\/en\\\/#website\"},\"datePublished\":\"2025-07-19T10:43:41+00:00\",\"dateModified\":\"2025-07-19T10:47:34+00:00\",\"breadcrumb\":{\"@id\":\"https:\\\/\\\/moonpathlight.eu\\\/jarelmaksu-voimalused\\\/#breadcrumb\"},\"inLanguage\":\"fi\",\"potentialAction\":[{\"@type\":\"ReadAction\",\"target\":[\"https:\\\/\\\/moonpathlight.eu\\\/jarelmaksu-voimalused\\\/\"]}]},{\"@type\":\"BreadcrumbList\",\"@id\":\"https:\\\/\\\/moonpathlight.eu\\\/jarelmaksu-voimalused\\\/#breadcrumb\",\"itemListElement\":[{\"@type\":\"ListItem\",\"position\":1,\"name\":\"Home\",\"item\":\"https:\\\/\\\/moonpathlight.eu\\\/\"},{\"@type\":\"ListItem\",\"position\":2,\"name\":\"J\u00e4relmaksu v\u00f5imalused\"}]},{\"@type\":\"WebSite\",\"@id\":\"https:\\\/\\\/moonpathlight.eu\\\/en\\\/#website\",\"url\":\"https:\\\/\\\/moonpathlight.eu\\\/en\\\/\",\"name\":\"MoonPath aiavalgustid\",\"description\":\"K&auml;sit&ouml;&ouml;na valminud k&otilde;rgkvaliteetsed aiavalgustid\",\"publisher\":{\"@id\":\"https:\\\/\\\/moonpathlight.eu\\\/en\\\/#organization\"},\"potentialAction\":[{\"@type\":\"SearchAction\",\"target\":{\"@type\":\"EntryPoint\",\"urlTemplate\":\"https:\\\/\\\/moonpathlight.eu\\\/en\\\/?s={search_term_string}\"},\"query-input\":{\"@type\":\"PropertyValueSpecification\",\"valueRequired\":true,\"valueName\":\"search_term_string\"}}],\"inLanguage\":\"fi\"},{\"@type\":\"Organization\",\"@id\":\"https:\\\/\\\/moonpathlight.eu\\\/en\\\/#organization\",\"name\":\"MoonPath aiavalgustid\",\"url\":\"https:\\\/\\\/moonpathlight.eu\\\/en\\\/\",\"logo\":{\"@type\":\"ImageObject\",\"inLanguage\":\"fi\",\"@id\":\"https:\\\/\\\/moonpathlight.eu\\\/en\\\/#\\\/schema\\\/logo\\\/image\\\/\",\"url\":\"https:\\\/\\\/moonpathlight.eu\\\/wp-content\\\/uploads\\\/2023\\\/09\\\/cropped-moonpath_valge_mustal_taustal-removebg-preview.png\",\"contentUrl\":\"https:\\\/\\\/moonpathlight.eu\\\/wp-content\\\/uploads\\\/2023\\\/09\\\/cropped-moonpath_valge_mustal_taustal-removebg-preview.png\",\"width\":500,\"height\":500,\"caption\":\"MoonPath aiavalgustid\"},\"image\":{\"@id\":\"https:\\\/\\\/moonpathlight.eu\\\/en\\\/#\\\/schema\\\/logo\\\/image\\\/\"},\"sameAs\":[\"https:\\\/\\\/www.facebook.com\\\/profile.php?id=61566809401026\"]}]}<\/script>\n<!-- \/ Yoast SEO plugin. -->","yoast_head_json":{"title":"Joustavien maksuvaihtoehtojen","robots":{"index":"index","follow":"follow","max-snippet":"max-snippet:-1","max-image-preview":"max-image-preview:large","max-video-preview":"max-video-preview:-1"},"canonical":"https:\/\/moonpathlight.eu\/fi\/maksuvaihtoehdot\/","og_locale":"fi_FI","og_type":"article","og_title":"J\u00e4relmaksu v\u00f5imalused","og_description":"J\u00e4relmaksu v\u00f5imalused Osta n\u00fc\u00fcd, maksa hiljem, lisakuludeta Soovi korral saad oma ostu eest tasuda hiljem kahes v\u00f5i kolmes v\u00f5rdses osas. Intressi ega lisatasusid ei rakendu. See on lihtne viis teha ost t\u00e4na ja jaotada maksmine mugavalt l\u00e4hitulevikku \u2013 just nii, nagu Sinu eelarvele sobib. Paindlik ja lihtne Ostusumma vahemikus 30\u20132500 \u20ac Tagasimakseperiood kuni 3 kuud [&hellip;]","og_url":"https:\/\/moonpathlight.eu\/fi\/maksuvaihtoehdot\/","og_site_name":"MoonPath aiavalgustid","article_publisher":"https:\/\/www.facebook.com\/profile.php?id=61566809401026","article_modified_time":"2025-07-19T10:47:34+00:00","twitter_card":"summary_large_image","twitter_misc":{"Arvioitu lukuaika":"1 minuutti"},"schema":{"@context":"https:\/\/schema.org","@graph":[{"@type":"WebPage","@id":"https:\/\/moonpathlight.eu\/jarelmaksu-voimalused\/","url":"https:\/\/moonpathlight.eu\/jarelmaksu-voimalused\/","name":"Joustavien maksuvaihtoehtojen","isPartOf":{"@id":"https:\/\/moonpathlight.eu\/en\/#website"},"datePublished":"2025-07-19T10:43:41+00:00","dateModified":"2025-07-19T10:47:34+00:00","breadcrumb":{"@id":"https:\/\/moonpathlight.eu\/jarelmaksu-voimalused\/#breadcrumb"},"inLanguage":"fi","potentialAction":[{"@type":"ReadAction","target":["https:\/\/moonpathlight.eu\/jarelmaksu-voimalused\/"]}]},{"@type":"BreadcrumbList","@id":"https:\/\/moonpathlight.eu\/jarelmaksu-voimalused\/#breadcrumb","itemListElement":[{"@type":"ListItem","position":1,"name":"Home","item":"https:\/\/moonpathlight.eu\/"},{"@type":"ListItem","position":2,"name":"J\u00e4relmaksu v\u00f5imalused"}]},{"@type":"WebSite","@id":"https:\/\/moonpathlight.eu\/en\/#website","url":"https:\/\/moonpathlight.eu\/en\/","name":"MoonPath puutarhavalot","description":"K\u00e4sintehdyt korkealaatuiset puutarhavalot","publisher":{"@id":"https:\/\/moonpathlight.eu\/en\/#organization"},"potentialAction":[{"@type":"SearchAction","target":{"@type":"EntryPoint","urlTemplate":"https:\/\/moonpathlight.eu\/en\/?s={search_term_string}"},"query-input":{"@type":"PropertyValueSpecification","valueRequired":true,"valueName":"search_term_string"}}],"inLanguage":"fi"},{"@type":"Organization","@id":"https:\/\/moonpathlight.eu\/en\/#organization","name":"MoonPath puutarhavalot","url":"https:\/\/moonpathlight.eu\/en\/","logo":{"@type":"ImageObject","inLanguage":"fi","@id":"https:\/\/moonpathlight.eu\/en\/#\/schema\/logo\/image\/","url":"https:\/\/moonpathlight.eu\/wp-content\/uploads\/2023\/09\/cropped-moonpath_valge_mustal_taustal-removebg-preview.png","contentUrl":"https:\/\/moonpathlight.eu\/wp-content\/uploads\/2023\/09\/cropped-moonpath_valge_mustal_taustal-removebg-preview.png","width":500,"height":500,"caption":"MoonPath aiavalgustid"},"image":{"@id":"https:\/\/moonpathlight.eu\/en\/#\/schema\/logo\/image\/"},"sameAs":["https:\/\/www.facebook.com\/profile.php?id=61566809401026"]}]}},"_links":{"self":[{"href":"https:\/\/moonpathlight.eu\/fi\/wp-json\/wp\/v2\/pages\/1525","targetHints":{"allow":["GET"]}}],"collection":[{"href":"https:\/\/moonpathlight.eu\/fi\/wp-json\/wp\/v2\/pages"}],"about":[{"href":"https:\/\/moonpathlight.eu\/fi\/wp-json\/wp\/v2\/types\/page"}],"author":[{"embeddable":true,"href":"https:\/\/moonpathlight.eu\/fi\/wp-json\/wp\/v2\/users\/4"}],"replies":[{"embeddable":true,"href":"https:\/\/moonpathlight.eu\/fi\/wp-json\/wp\/v2\/comments?post=1525"}],"version-history":[{"count":10,"href":"https:\/\/moonpathlight.eu\/fi\/wp-json\/wp\/v2\/pages\/1525\/revisions"}],"predecessor-version":[{"id":1535,"href":"https:\/\/moonpathlight.eu\/fi\/wp-json\/wp\/v2\/pages\/1525\/revisions\/1535"}],"wp:attachment":[{"href":"https:\/\/moonpathlight.eu\/fi\/wp-json\/wp\/v2\/media?parent=1525"}],"curies":[{"name":"wp","href":"https:\/\/api.w.org\/{rel}","templated":true}]}}