{"id":1525,"date":"2025-07-19T13:43:41","date_gmt":"2025-07-19T10:43:41","guid":{"rendered":"https:\/\/moonpathlight.eu\/?page_id=1525"},"modified":"2025-07-19T13:47:34","modified_gmt":"2025-07-19T10:47:34","slug":"payment-options","status":"publish","type":"page","link":"https:\/\/moonpathlight.eu\/en\/jarelmaksu-voimalused\/","title":{"rendered":"Leasing options"},"content":{"rendered":"<div data-elementor-type=\"wp-page\" data-elementor-id=\"1525\" class=\"elementor elementor-1525\" data-elementor-settings=\"{&quot;ha_cmc_init_switcher&quot;:&quot;no&quot;}\">\n\t\t\t\t\t\t<section class=\"elementor-section elementor-top-section elementor-element elementor-element-f49324d elementor-section-content-middle elementor-section-height-min-height elementor-section-boxed elementor-section-height-default elementor-section-items-middle\" data-id=\"f49324d\" data-element_type=\"section\" data-e-type=\"section\" data-settings=\"{&quot;background_background&quot;:&quot;classic&quot;,&quot;_ha_eqh_enable&quot;:false}\">\n\t\t\t\t\t\t\t<div class=\"elementor-background-overlay\"><\/div>\n\t\t\t\t\t\t\t<div class=\"elementor-container elementor-column-gap-default\">\n\t\t\t\t\t<div class=\"elementor-column elementor-col-100 elementor-top-column elementor-element elementor-element-6768159\" data-id=\"6768159\" data-element_type=\"column\" data-e-type=\"column\">\n\t\t\t<div class=\"elementor-widget-wrap elementor-element-populated\">\n\t\t\t\t\t\t<div class=\"elementor-element elementor-element-f6f95cc elementor-widget__width-initial elementor-widget-tablet__width-inherit elementor-widget elementor-widget-heading\" data-id=\"f6f95cc\" data-element_type=\"widget\" data-e-type=\"widget\" data-widget_type=\"heading.default\">\n\t\t\t\t\t<h1 class=\"elementor-heading-title elementor-size-default\">Leasing options<\/h1>\t\t\t\t<\/div>\n\t\t\t\t\t<\/div>\n\t\t<\/div>\n\t\t\t\t\t<\/div>\n\t\t<\/section>\n\t\t<div class=\"elementor-element elementor-element-40754200 e-flex e-con-boxed e-con e-parent\" data-id=\"40754200\" data-element_type=\"container\" data-e-type=\"container\" data-settings=\"{&quot;_ha_eqh_enable&quot;:false}\">\n\t\t\t\t\t<div class=\"e-con-inner\">\n\t\t\t\t<div class=\"elementor-element elementor-element-6205d5cf elementor-widget elementor-widget-text-editor\" data-id=\"6205d5cf\" data-element_type=\"widget\" data-e-type=\"widget\" data-widget_type=\"text-editor.default\">\n\t\t\t\t\t\t\t\t\t<h2 data-start=\"146\" data-end=\"194\">Buy now, pay later, at no extra cost<\/h2>\n<p data-start=\"195\" data-end=\"423\">If you wish, you can pay for your purchase later in two or three equal instalments. No interest or surcharges apply. It's an easy way to make a purchase today and spread the payment comfortably over the near future - whatever suits your budget.<\/p>\n<h3 data-start=\"425\" data-end=\"449\">Flexible and simple<\/h3>\n<ul data-start=\"450\" data-end=\"603\">\n<li data-start=\"450\" data-end=\"483\">\n<p data-start=\"452\" data-end=\"483\">Purchase amount between \u20ac30-2500<\/p>\n<\/li>\n<li data-start=\"484\" data-end=\"518\">\n<p data-start=\"486\" data-end=\"518\">Repayment period up to 3 months<\/p>\n<\/li>\n<li data-start=\"519\" data-end=\"547\">\n<p data-start=\"521\" data-end=\"547\">0% interest, \u20ac0 surcharge<\/p>\n<\/li>\n<li data-start=\"548\" data-end=\"603\">\n<p data-start=\"550\" data-end=\"603\">Possibility to pay in instalments without financial commitment<\/p>\n<\/li>\n<\/ul>\n<h2 data-start=\"610\" data-end=\"656\">\u00a0<\/h2>\n<h2 data-start=\"610\" data-end=\"656\">Inbank instalments - for larger purchases<\/h2>\n<p data-start=\"657\" data-end=\"810\">If you wish to spread your payments over a longer period, we offer the possibility to use Inbank's instalment facility. Choose the size of the instalment and the period of up to 72 months.<\/p>\n<h3 data-start=\"812\" data-end=\"844\">Advantages of instalment payments<\/h3>\n<ul data-start=\"845\" data-end=\"1018\">\n<li data-start=\"845\" data-end=\"911\">\n<p data-start=\"847\" data-end=\"911\">Purchase amount from \u20ac100, up to \u20ac2,500 (possibly up to \u20ac10,000).<\/p>\n<\/li>\n<li data-start=\"912\" data-end=\"948\">\n<p data-start=\"914\" data-end=\"948\">Instalment period 3 to 72 months<\/p>\n<\/li>\n<li data-start=\"949\" data-end=\"983\">\n<p data-start=\"951\" data-end=\"983\">Interest and service charges apply<\/p>\n<\/li>\n<li data-start=\"984\" data-end=\"1018\">\n<p data-start=\"986\" data-end=\"1018\">You'll get a reply within ~30 seconds<\/p>\n<\/li>\n<\/ul>\n<p>\u00a0<\/p>\n<h2 data-start=\"1025\" data-end=\"1056\">How to pay by instalments?<\/h2>\n<ol data-start=\"1057\" data-end=\"1257\">\n<li data-start=\"1057\" data-end=\"1092\">\n<p data-start=\"1060\" data-end=\"1092\">Add the products you want to cart<\/p>\n<\/li>\n<li data-start=\"1093\" data-end=\"1160\">\n<p data-start=\"1096\" data-end=\"1160\">Choose \u201ePay later\u201c or \u201ePay by order\u201c as payment method at the checkout.\u201c<\/p>\n<\/li>\n<li data-start=\"1161\" data-end=\"1179\">\n<p data-start=\"1164\" data-end=\"1179\">Fill in the application<\/p>\n<\/li>\n<li data-start=\"1180\" data-end=\"1257\">\n<p data-start=\"1183\" data-end=\"1257\">Confirm and enjoy your purchase, with payment based on the terms you choose.<\/p>\n<\/li>\n<\/ol>\n<p><!-- \/wp:paragraph --><!-- wp:paragraph --><\/p>\n<p><!-- \/wp:paragraph --><\/p>\t\t\t\t\t\t\t\t<\/div>\n\t\t\t\t<div class=\"elementor-element elementor-element-5e45338 elementor-align-left elementor-widget elementor-widget-button\" data-id=\"5e45338\" data-element_type=\"widget\" data-e-type=\"widget\" data-widget_type=\"button.default\">\n\t\t\t\t\t\t\t\t\t\t<a class=\"elementor-button elementor-button-link elementor-size-sm\" href=\"https:\/\/moonpathlight.eu\/en\/shop\/\">\n\t\t\t\t\t\t<span class=\"elementor-button-content-wrapper\">\n\t\t\t\t\t\t\t\t\t<span class=\"elementor-button-text\">Go to shop<\/span>\n\t\t\t\t\t<\/span>\n\t\t\t\t\t<\/a>\n\t\t\t\t\t\t\t\t<\/div>\n\t\t\t\t\t<\/div>\n\t\t\t\t<\/div>\n\t\t\t\t<\/div>","protected":false},"excerpt":{"rendered":"<p>J\u00e4relmaksu v\u00f5imalused Osta n\u00fc\u00fcd, maksa hiljem, lisakuludeta Soovi korral saad oma ostu eest tasuda hiljem kahes v\u00f5i kolmes v\u00f5rdses osas. Intressi ega lisatasusid ei rakendu. See on lihtne viis teha ost t\u00e4na ja jaotada maksmine mugavalt l\u00e4hitulevikku \u2013 just nii, nagu Sinu eelarvele sobib. Paindlik ja lihtne Ostusumma vahemikus 30\u20132500 \u20ac Tagasimakseperiood kuni 3 kuud [&hellip;]<\/p>\n","protected":false},"author":4,"featured_media":0,"parent":0,"menu_order":0,"comment_status":"closed","ping_status":"closed","template":"","meta":{"footnotes":""},"class_list":["post-1525","page","type-page","status-publish","hentry"],"yoast_head":"<!-- This site is optimized with the Yoast SEO plugin v27.3 - https:\/\/yoast.com\/product\/yoast-seo-wordpress\/ -->\n<title>J\u00e4relmaksu v\u00f5imalused<\/title>\n<meta name=\"robots\" content=\"index, follow, max-snippet:-1, max-image-preview:large, max-video-preview:-1\" \/>\n<link rel=\"canonical\" href=\"https:\/\/moonpathlight.eu\/en\/payment-options\/\" \/>\n<meta property=\"og:locale\" content=\"en_GB\" \/>\n<meta property=\"og:type\" content=\"article\" \/>\n<meta property=\"og:title\" content=\"J\u00e4relmaksu v\u00f5imalused\" \/>\n<meta property=\"og:description\" content=\"J\u00e4relmaksu v\u00f5imalused Osta n\u00fc\u00fcd, maksa hiljem, lisakuludeta Soovi korral saad oma ostu eest tasuda hiljem kahes v\u00f5i kolmes v\u00f5rdses osas. Intressi ega lisatasusid ei rakendu. See on lihtne viis teha ost t\u00e4na ja jaotada maksmine mugavalt l\u00e4hitulevikku \u2013 just nii, nagu Sinu eelarvele sobib. Paindlik ja lihtne Ostusumma vahemikus 30\u20132500 \u20ac Tagasimakseperiood kuni 3 kuud [&hellip;]\" \/>\n<meta property=\"og:url\" content=\"https:\/\/moonpathlight.eu\/en\/payment-options\/\" \/>\n<meta property=\"og:site_name\" content=\"MoonPath aiavalgustid\" \/>\n<meta property=\"article:publisher\" content=\"https:\/\/www.facebook.com\/profile.php?id=61566809401026\" \/>\n<meta property=\"article:modified_time\" content=\"2025-07-19T10:47:34+00:00\" \/>\n<meta name=\"twitter:card\" content=\"summary_large_image\" \/>\n<meta name=\"twitter:label1\" content=\"Estimated reading time\" \/>\n\t<meta name=\"twitter:data1\" content=\"1 minute\" \/>\n<script type=\"application\/ld+json\" class=\"yoast-schema-graph\">{\"@context\":\"https:\\\/\\\/schema.org\",\"@graph\":[{\"@type\":\"WebPage\",\"@id\":\"https:\\\/\\\/moonpathlight.eu\\\/jarelmaksu-voimalused\\\/\",\"url\":\"https:\\\/\\\/moonpathlight.eu\\\/jarelmaksu-voimalused\\\/\",\"name\":\"J\u00e4relmaksu v\u00f5imalused\",\"isPartOf\":{\"@id\":\"https:\\\/\\\/moonpathlight.eu\\\/en\\\/#website\"},\"datePublished\":\"2025-07-19T10:43:41+00:00\",\"dateModified\":\"2025-07-19T10:47:34+00:00\",\"breadcrumb\":{\"@id\":\"https:\\\/\\\/moonpathlight.eu\\\/jarelmaksu-voimalused\\\/#breadcrumb\"},\"inLanguage\":\"en-GB\",\"potentialAction\":[{\"@type\":\"ReadAction\",\"target\":[\"https:\\\/\\\/moonpathlight.eu\\\/jarelmaksu-voimalused\\\/\"]}]},{\"@type\":\"BreadcrumbList\",\"@id\":\"https:\\\/\\\/moonpathlight.eu\\\/jarelmaksu-voimalused\\\/#breadcrumb\",\"itemListElement\":[{\"@type\":\"ListItem\",\"position\":1,\"name\":\"Home\",\"item\":\"https:\\\/\\\/moonpathlight.eu\\\/\"},{\"@type\":\"ListItem\",\"position\":2,\"name\":\"J\u00e4relmaksu v\u00f5imalused\"}]},{\"@type\":\"WebSite\",\"@id\":\"https:\\\/\\\/moonpathlight.eu\\\/en\\\/#website\",\"url\":\"https:\\\/\\\/moonpathlight.eu\\\/en\\\/\",\"name\":\"MoonPath aiavalgustid\",\"description\":\"K&auml;sit&ouml;&ouml;na valminud k&otilde;rgkvaliteetsed aiavalgustid\",\"publisher\":{\"@id\":\"https:\\\/\\\/moonpathlight.eu\\\/en\\\/#organization\"},\"potentialAction\":[{\"@type\":\"SearchAction\",\"target\":{\"@type\":\"EntryPoint\",\"urlTemplate\":\"https:\\\/\\\/moonpathlight.eu\\\/en\\\/?s={search_term_string}\"},\"query-input\":{\"@type\":\"PropertyValueSpecification\",\"valueRequired\":true,\"valueName\":\"search_term_string\"}}],\"inLanguage\":\"en-GB\"},{\"@type\":\"Organization\",\"@id\":\"https:\\\/\\\/moonpathlight.eu\\\/en\\\/#organization\",\"name\":\"MoonPath aiavalgustid\",\"url\":\"https:\\\/\\\/moonpathlight.eu\\\/en\\\/\",\"logo\":{\"@type\":\"ImageObject\",\"inLanguage\":\"en-GB\",\"@id\":\"https:\\\/\\\/moonpathlight.eu\\\/en\\\/#\\\/schema\\\/logo\\\/image\\\/\",\"url\":\"https:\\\/\\\/moonpathlight.eu\\\/wp-content\\\/uploads\\\/2023\\\/09\\\/cropped-moonpath_valge_mustal_taustal-removebg-preview.png\",\"contentUrl\":\"https:\\\/\\\/moonpathlight.eu\\\/wp-content\\\/uploads\\\/2023\\\/09\\\/cropped-moonpath_valge_mustal_taustal-removebg-preview.png\",\"width\":500,\"height\":500,\"caption\":\"MoonPath aiavalgustid\"},\"image\":{\"@id\":\"https:\\\/\\\/moonpathlight.eu\\\/en\\\/#\\\/schema\\\/logo\\\/image\\\/\"},\"sameAs\":[\"https:\\\/\\\/www.facebook.com\\\/profile.php?id=61566809401026\"]}]}<\/script>\n<!-- \/ Yoast SEO plugin. -->","yoast_head_json":{"title":"Leasing options","robots":{"index":"index","follow":"follow","max-snippet":"max-snippet:-1","max-image-preview":"max-image-preview:large","max-video-preview":"max-video-preview:-1"},"canonical":"https:\/\/moonpathlight.eu\/en\/payment-options\/","og_locale":"en_GB","og_type":"article","og_title":"J\u00e4relmaksu v\u00f5imalused","og_description":"J\u00e4relmaksu v\u00f5imalused Osta n\u00fc\u00fcd, maksa hiljem, lisakuludeta Soovi korral saad oma ostu eest tasuda hiljem kahes v\u00f5i kolmes v\u00f5rdses osas. Intressi ega lisatasusid ei rakendu. See on lihtne viis teha ost t\u00e4na ja jaotada maksmine mugavalt l\u00e4hitulevikku \u2013 just nii, nagu Sinu eelarvele sobib. Paindlik ja lihtne Ostusumma vahemikus 30\u20132500 \u20ac Tagasimakseperiood kuni 3 kuud [&hellip;]","og_url":"https:\/\/moonpathlight.eu\/en\/payment-options\/","og_site_name":"MoonPath aiavalgustid","article_publisher":"https:\/\/www.facebook.com\/profile.php?id=61566809401026","article_modified_time":"2025-07-19T10:47:34+00:00","twitter_card":"summary_large_image","twitter_misc":{"Estimated reading time":"1 minute"},"schema":{"@context":"https:\/\/schema.org","@graph":[{"@type":"WebPage","@id":"https:\/\/moonpathlight.eu\/jarelmaksu-voimalused\/","url":"https:\/\/moonpathlight.eu\/jarelmaksu-voimalused\/","name":"Leasing options","isPartOf":{"@id":"https:\/\/moonpathlight.eu\/en\/#website"},"datePublished":"2025-07-19T10:43:41+00:00","dateModified":"2025-07-19T10:47:34+00:00","breadcrumb":{"@id":"https:\/\/moonpathlight.eu\/jarelmaksu-voimalused\/#breadcrumb"},"inLanguage":"en-GB","potentialAction":[{"@type":"ReadAction","target":["https:\/\/moonpathlight.eu\/jarelmaksu-voimalused\/"]}]},{"@type":"BreadcrumbList","@id":"https:\/\/moonpathlight.eu\/jarelmaksu-voimalused\/#breadcrumb","itemListElement":[{"@type":"ListItem","position":1,"name":"Home","item":"https:\/\/moonpathlight.eu\/"},{"@type":"ListItem","position":2,"name":"J\u00e4relmaksu v\u00f5imalused"}]},{"@type":"WebSite","@id":"https:\/\/moonpathlight.eu\/en\/#website","url":"https:\/\/moonpathlight.eu\/en\/","name":"MoonPath garden lights","description":"Handcrafted high quality garden lights","publisher":{"@id":"https:\/\/moonpathlight.eu\/en\/#organization"},"potentialAction":[{"@type":"SearchAction","target":{"@type":"EntryPoint","urlTemplate":"https:\/\/moonpathlight.eu\/en\/?s={search_term_string}"},"query-input":{"@type":"PropertyValueSpecification","valueRequired":true,"valueName":"search_term_string"}}],"inLanguage":"en-GB"},{"@type":"Organization","@id":"https:\/\/moonpathlight.eu\/en\/#organization","name":"MoonPath garden lights","url":"https:\/\/moonpathlight.eu\/en\/","logo":{"@type":"ImageObject","inLanguage":"en-GB","@id":"https:\/\/moonpathlight.eu\/en\/#\/schema\/logo\/image\/","url":"https:\/\/moonpathlight.eu\/wp-content\/uploads\/2023\/09\/cropped-moonpath_valge_mustal_taustal-removebg-preview.png","contentUrl":"https:\/\/moonpathlight.eu\/wp-content\/uploads\/2023\/09\/cropped-moonpath_valge_mustal_taustal-removebg-preview.png","width":500,"height":500,"caption":"MoonPath aiavalgustid"},"image":{"@id":"https:\/\/moonpathlight.eu\/en\/#\/schema\/logo\/image\/"},"sameAs":["https:\/\/www.facebook.com\/profile.php?id=61566809401026"]}]}},"_links":{"self":[{"href":"https:\/\/moonpathlight.eu\/en\/wp-json\/wp\/v2\/pages\/1525","targetHints":{"allow":["GET"]}}],"collection":[{"href":"https:\/\/moonpathlight.eu\/en\/wp-json\/wp\/v2\/pages"}],"about":[{"href":"https:\/\/moonpathlight.eu\/en\/wp-json\/wp\/v2\/types\/page"}],"author":[{"embeddable":true,"href":"https:\/\/moonpathlight.eu\/en\/wp-json\/wp\/v2\/users\/4"}],"replies":[{"embeddable":true,"href":"https:\/\/moonpathlight.eu\/en\/wp-json\/wp\/v2\/comments?post=1525"}],"version-history":[{"count":10,"href":"https:\/\/moonpathlight.eu\/en\/wp-json\/wp\/v2\/pages\/1525\/revisions"}],"predecessor-version":[{"id":1535,"href":"https:\/\/moonpathlight.eu\/en\/wp-json\/wp\/v2\/pages\/1525\/revisions\/1535"}],"wp:attachment":[{"href":"https:\/\/moonpathlight.eu\/en\/wp-json\/wp\/v2\/media?parent=1525"}],"curies":[{"name":"wp","href":"https:\/\/api.w.org\/{rel}","templated":true}]}}