{"id":1170,"date":"2025-07-19T13:21:46","date_gmt":"2025-07-19T10:21:46","guid":{"rendered":"https:\/\/moonpathlight.eu\/?page_id=1170"},"modified":"2025-08-01T11:40:22","modified_gmt":"2025-08-01T08:40:22","slug":"transport-and-delivery-time","status":"publish","type":"page","link":"https:\/\/moonpathlight.eu\/en\/transport-ja-tarneaeg\/","title":{"rendered":"Transport terms"},"content":{"rendered":"<div data-elementor-type=\"wp-page\" data-elementor-id=\"1170\" class=\"elementor elementor-1170\" data-elementor-settings=\"{&quot;ha_cmc_init_switcher&quot;:&quot;no&quot;}\">\n\t\t\t\t\t\t<section class=\"elementor-section elementor-top-section elementor-element elementor-element-f49324d elementor-section-content-middle elementor-section-height-min-height elementor-section-boxed elementor-section-height-default elementor-section-items-middle\" data-id=\"f49324d\" data-element_type=\"section\" data-e-type=\"section\" data-settings=\"{&quot;background_background&quot;:&quot;classic&quot;,&quot;_ha_eqh_enable&quot;:false}\">\n\t\t\t\t\t\t\t<div class=\"elementor-background-overlay\"><\/div>\n\t\t\t\t\t\t\t<div class=\"elementor-container elementor-column-gap-default\">\n\t\t\t\t\t<div class=\"elementor-column elementor-col-100 elementor-top-column elementor-element elementor-element-6768159\" data-id=\"6768159\" data-element_type=\"column\" data-e-type=\"column\">\n\t\t\t<div class=\"elementor-widget-wrap elementor-element-populated\">\n\t\t\t\t\t\t<div class=\"elementor-element elementor-element-f6f95cc elementor-widget__width-initial elementor-widget-tablet__width-inherit elementor-widget elementor-widget-heading\" data-id=\"f6f95cc\" data-element_type=\"widget\" data-e-type=\"widget\" data-widget_type=\"heading.default\">\n\t\t\t\t\t<h1 class=\"elementor-heading-title elementor-size-default\">Transport terms<\/h1>\t\t\t\t<\/div>\n\t\t\t\t\t<\/div>\n\t\t<\/div>\n\t\t\t\t\t<\/div>\n\t\t<\/section>\n\t\t<div class=\"elementor-element elementor-element-40754200 e-flex e-con-boxed e-con e-parent\" data-id=\"40754200\" data-element_type=\"container\" data-e-type=\"container\" data-settings=\"{&quot;_ha_eqh_enable&quot;:false}\">\n\t\t\t\t\t<div class=\"e-con-inner\">\n\t\t\t\t<div class=\"elementor-element elementor-element-6205d5cf elementor-widget elementor-widget-text-editor\" data-id=\"6205d5cf\" data-element_type=\"widget\" data-e-type=\"widget\" data-widget_type=\"text-editor.default\">\n\t\t\t\t\t\t\t\t\t<p data-start=\"77\" data-end=\"339\">All products are made to order. We deliver all over Europe. If your desired country does not appear under the checkout options, please contact us.  Delivery time depends on the size of the order and the country of delivery and can be up to 6 weeks. Production will start after payment of the order. Once the products are ready, they will be shipped to the customer as soon as possible.<\/p>\n<p>The normal delivery time for purchased goods is.<strong> 5-14 days.\u00a0<\/strong><\/p>\n<p><!-- \/wp:paragraph --><!-- wp:paragraph --><\/p>\n<p><strong>Transport as agreed, either by courier or self-collection.<\/strong><\/p>\n<p><!-- \/wp:paragraph --><!-- wp:paragraph --><\/p>\n<p>The cost of transport depends on the quantity and weight of the products ordered. For a quote call\u00a0<a href=\"tel:+37253340227\" target=\"_blank\" rel=\"noreferrer noopener\">+372 5394 5453<\/a>\u00a0or write\u00a0<a href=\"mailto:soojustuspood@gmail.com\" target=\"_blank\" rel=\"noreferrer noopener\">moonpathou@gmail.com<\/a><\/p>\n<p><!-- \/wp:paragraph --><!-- wp:paragraph --><\/p>\n<p>Goods are only handed over to the customer at the destination on the basis of a document. In the case of acceptance of the goods by a third party, this must be agreed prior to the provision of transport.<br \/>The customer also has the option to pick up the ordered goods themselves. MoonPath O\u00dc warehouse is located at:\u00a0<strong>Merimetsa 123, P\u00e4rnu, 80027<\/strong><\/p>\n<p><!-- \/wp:paragraph --><!-- wp:paragraph --><\/p>\n<p>We will work with you<strong>\u00a0MON-FRI: 9-16.00<\/strong>and\u00a0<strong>Friday<\/strong>\u00a0we deliver goods until\u00a0<strong>14.00<\/strong><\/p>\n<p><!-- \/wp:paragraph --><!-- wp:paragraph --><\/p>\n<p>When you collect the goods yourself, we ask you to wait for confirmation from our customer service that the goods are complete. Goods will not be dispatched from the warehouse until we have received this confirmation.\u00a0<\/p>\n<p>On weekends, delivery is by prior arrangement only.<\/p>\n<p><!-- \/wp:paragraph --><!-- wp:paragraph --><\/p>\n<p>Moonpathlight.eu delivers to customers all over Europe. It is the customer's responsibility to ensure that the customer's representatives are present to receive and unload the goods at the agreed time of delivery. Otherwise, the goods will be returned to the Moonpathlight.eu warehouse and the customer will be obliged to pay the cost of the transport in order to have the goods redelivered to the desired destination.<\/p>\n<p><!-- \/wp:paragraph --><!-- wp:paragraph --><\/p>\n<p><!-- \/wp:paragraph --><\/p>\t\t\t\t\t\t\t\t<\/div>\n\t\t\t\t\t<\/div>\n\t\t\t\t<\/div>\n\t\t\t\t<\/div>","protected":false},"excerpt":{"rendered":"<p>Transport ja tarneaeg K\u00f5ik tooted valmistatakse vastavalt tellimusele. Tarnime \u00fcle Euroopa. Kui sinu soovitud riiki ei ilmu kassa valikute all, v\u00f5ta meiega \u00fchendust.\u00a0 Tarneaeg s\u00f5ltub tellimuse suurusest ja tarneriigist ning v\u00f5ib ulatuda kuni 6 n\u00e4dalani. Tootmine algab p\u00e4rast tellimuse eest tasumist. Kui tooted on valmis, saadetakse need kliendini esimesel v\u00f5imalusel. Tavap\u00e4rane tarneaeg ostetud kaupadele on [&hellip;]<\/p>\n","protected":false},"author":1,"featured_media":0,"parent":0,"menu_order":0,"comment_status":"closed","ping_status":"closed","template":"","meta":{"footnotes":""},"class_list":["post-1170","page","type-page","status-publish","hentry"],"yoast_head":"<!-- This site is optimized with the Yoast SEO plugin v27.3 - https:\/\/yoast.com\/product\/yoast-seo-wordpress\/ -->\n<title>Transport ja tarneaeg<\/title>\n<meta name=\"description\" content=\"Moonpath Light valmistab aiavalgusteid tellimisel ja toimetab need kohale \u00fcle Euroopa. Tarneaeg 5\u201314 p\u00e4eva, v\u00f5imalik ka ise j\u00e4rgi tulla P\u00e4rnust.\" \/>\n<meta name=\"robots\" content=\"index, follow, max-snippet:-1, max-image-preview:large, max-video-preview:-1\" \/>\n<link rel=\"canonical\" href=\"https:\/\/moonpathlight.eu\/en\/transport-and-delivery-time\/\" \/>\n<meta property=\"og:locale\" content=\"en_GB\" \/>\n<meta property=\"og:type\" content=\"article\" \/>\n<meta property=\"og:title\" content=\"Transport ja tarneaeg\" \/>\n<meta property=\"og:description\" content=\"Moonpath Light valmistab aiavalgusteid tellimisel ja toimetab need kohale \u00fcle Euroopa. Tarneaeg 5\u201314 p\u00e4eva, v\u00f5imalik ka ise j\u00e4rgi tulla P\u00e4rnust.\" \/>\n<meta property=\"og:url\" content=\"https:\/\/moonpathlight.eu\/en\/transport-and-delivery-time\/\" \/>\n<meta property=\"og:site_name\" content=\"MoonPath aiavalgustid\" \/>\n<meta property=\"article:publisher\" content=\"https:\/\/www.facebook.com\/profile.php?id=61566809401026\" \/>\n<meta property=\"article:modified_time\" content=\"2025-08-01T08:40:22+00:00\" \/>\n<meta name=\"twitter:card\" content=\"summary_large_image\" \/>\n<meta name=\"twitter:label1\" content=\"Estimated reading time\" \/>\n\t<meta name=\"twitter:data1\" content=\"2 minutes\" \/>\n<script type=\"application\/ld+json\" class=\"yoast-schema-graph\">{\"@context\":\"https:\\\/\\\/schema.org\",\"@graph\":[{\"@type\":\"WebPage\",\"@id\":\"https:\\\/\\\/moonpathlight.eu\\\/transport-ja-tarneaeg\\\/\",\"url\":\"https:\\\/\\\/moonpathlight.eu\\\/transport-ja-tarneaeg\\\/\",\"name\":\"Transport ja tarneaeg\",\"isPartOf\":{\"@id\":\"https:\\\/\\\/moonpathlight.eu\\\/en\\\/#website\"},\"datePublished\":\"2025-07-19T10:21:46+00:00\",\"dateModified\":\"2025-08-01T08:40:22+00:00\",\"description\":\"Moonpath Light valmistab aiavalgusteid tellimisel ja toimetab need kohale \u00fcle Euroopa. Tarneaeg 5\u201314 p\u00e4eva, v\u00f5imalik ka ise j\u00e4rgi tulla P\u00e4rnust.\",\"breadcrumb\":{\"@id\":\"https:\\\/\\\/moonpathlight.eu\\\/transport-ja-tarneaeg\\\/#breadcrumb\"},\"inLanguage\":\"en-GB\",\"potentialAction\":[{\"@type\":\"ReadAction\",\"target\":[\"https:\\\/\\\/moonpathlight.eu\\\/transport-ja-tarneaeg\\\/\"]}]},{\"@type\":\"BreadcrumbList\",\"@id\":\"https:\\\/\\\/moonpathlight.eu\\\/transport-ja-tarneaeg\\\/#breadcrumb\",\"itemListElement\":[{\"@type\":\"ListItem\",\"position\":1,\"name\":\"Home\",\"item\":\"https:\\\/\\\/moonpathlight.eu\\\/\"},{\"@type\":\"ListItem\",\"position\":2,\"name\":\"Transport ja tarneaeg\"}]},{\"@type\":\"WebSite\",\"@id\":\"https:\\\/\\\/moonpathlight.eu\\\/en\\\/#website\",\"url\":\"https:\\\/\\\/moonpathlight.eu\\\/en\\\/\",\"name\":\"MoonPath aiavalgustid\",\"description\":\"K&auml;sit&ouml;&ouml;na valminud k&otilde;rgkvaliteetsed aiavalgustid\",\"publisher\":{\"@id\":\"https:\\\/\\\/moonpathlight.eu\\\/en\\\/#organization\"},\"potentialAction\":[{\"@type\":\"SearchAction\",\"target\":{\"@type\":\"EntryPoint\",\"urlTemplate\":\"https:\\\/\\\/moonpathlight.eu\\\/en\\\/?s={search_term_string}\"},\"query-input\":{\"@type\":\"PropertyValueSpecification\",\"valueRequired\":true,\"valueName\":\"search_term_string\"}}],\"inLanguage\":\"en-GB\"},{\"@type\":\"Organization\",\"@id\":\"https:\\\/\\\/moonpathlight.eu\\\/en\\\/#organization\",\"name\":\"MoonPath aiavalgustid\",\"url\":\"https:\\\/\\\/moonpathlight.eu\\\/en\\\/\",\"logo\":{\"@type\":\"ImageObject\",\"inLanguage\":\"en-GB\",\"@id\":\"https:\\\/\\\/moonpathlight.eu\\\/en\\\/#\\\/schema\\\/logo\\\/image\\\/\",\"url\":\"https:\\\/\\\/moonpathlight.eu\\\/wp-content\\\/uploads\\\/2023\\\/09\\\/cropped-moonpath_valge_mustal_taustal-removebg-preview.png\",\"contentUrl\":\"https:\\\/\\\/moonpathlight.eu\\\/wp-content\\\/uploads\\\/2023\\\/09\\\/cropped-moonpath_valge_mustal_taustal-removebg-preview.png\",\"width\":500,\"height\":500,\"caption\":\"MoonPath aiavalgustid\"},\"image\":{\"@id\":\"https:\\\/\\\/moonpathlight.eu\\\/en\\\/#\\\/schema\\\/logo\\\/image\\\/\"},\"sameAs\":[\"https:\\\/\\\/www.facebook.com\\\/profile.php?id=61566809401026\"]}]}<\/script>\n<!-- \/ Yoast SEO plugin. -->","yoast_head_json":{"title":"Transport terms","description":"Moonpath Light manufactures garden lights to order and delivers them across Europe. Delivery time is 5-14 days, you can also pick up the lights from P\u00e4rnu.","robots":{"index":"index","follow":"follow","max-snippet":"max-snippet:-1","max-image-preview":"max-image-preview:large","max-video-preview":"max-video-preview:-1"},"canonical":"https:\/\/moonpathlight.eu\/en\/transport-and-delivery-time\/","og_locale":"en_GB","og_type":"article","og_title":"Transport ja tarneaeg","og_description":"Moonpath Light valmistab aiavalgusteid tellimisel ja toimetab need kohale \u00fcle Euroopa. Tarneaeg 5\u201314 p\u00e4eva, v\u00f5imalik ka ise j\u00e4rgi tulla P\u00e4rnust.","og_url":"https:\/\/moonpathlight.eu\/en\/transport-and-delivery-time\/","og_site_name":"MoonPath aiavalgustid","article_publisher":"https:\/\/www.facebook.com\/profile.php?id=61566809401026","article_modified_time":"2025-08-01T08:40:22+00:00","twitter_card":"summary_large_image","twitter_misc":{"Estimated reading time":"2 minutes"},"schema":{"@context":"https:\/\/schema.org","@graph":[{"@type":"WebPage","@id":"https:\/\/moonpathlight.eu\/transport-ja-tarneaeg\/","url":"https:\/\/moonpathlight.eu\/transport-ja-tarneaeg\/","name":"Transport terms","isPartOf":{"@id":"https:\/\/moonpathlight.eu\/en\/#website"},"datePublished":"2025-07-19T10:21:46+00:00","dateModified":"2025-08-01T08:40:22+00:00","description":"Moonpath Light manufactures garden lights to order and delivers them across Europe. Delivery time is 5-14 days, you can also pick up the lights from P\u00e4rnu.","breadcrumb":{"@id":"https:\/\/moonpathlight.eu\/transport-ja-tarneaeg\/#breadcrumb"},"inLanguage":"en-GB","potentialAction":[{"@type":"ReadAction","target":["https:\/\/moonpathlight.eu\/transport-ja-tarneaeg\/"]}]},{"@type":"BreadcrumbList","@id":"https:\/\/moonpathlight.eu\/transport-ja-tarneaeg\/#breadcrumb","itemListElement":[{"@type":"ListItem","position":1,"name":"Home","item":"https:\/\/moonpathlight.eu\/"},{"@type":"ListItem","position":2,"name":"Transport ja tarneaeg"}]},{"@type":"WebSite","@id":"https:\/\/moonpathlight.eu\/en\/#website","url":"https:\/\/moonpathlight.eu\/en\/","name":"MoonPath garden lights","description":"Handcrafted high quality garden lights","publisher":{"@id":"https:\/\/moonpathlight.eu\/en\/#organization"},"potentialAction":[{"@type":"SearchAction","target":{"@type":"EntryPoint","urlTemplate":"https:\/\/moonpathlight.eu\/en\/?s={search_term_string}"},"query-input":{"@type":"PropertyValueSpecification","valueRequired":true,"valueName":"search_term_string"}}],"inLanguage":"en-GB"},{"@type":"Organization","@id":"https:\/\/moonpathlight.eu\/en\/#organization","name":"MoonPath garden lights","url":"https:\/\/moonpathlight.eu\/en\/","logo":{"@type":"ImageObject","inLanguage":"en-GB","@id":"https:\/\/moonpathlight.eu\/en\/#\/schema\/logo\/image\/","url":"https:\/\/moonpathlight.eu\/wp-content\/uploads\/2023\/09\/cropped-moonpath_valge_mustal_taustal-removebg-preview.png","contentUrl":"https:\/\/moonpathlight.eu\/wp-content\/uploads\/2023\/09\/cropped-moonpath_valge_mustal_taustal-removebg-preview.png","width":500,"height":500,"caption":"MoonPath aiavalgustid"},"image":{"@id":"https:\/\/moonpathlight.eu\/en\/#\/schema\/logo\/image\/"},"sameAs":["https:\/\/www.facebook.com\/profile.php?id=61566809401026"]}]}},"_links":{"self":[{"href":"https:\/\/moonpathlight.eu\/en\/wp-json\/wp\/v2\/pages\/1170","targetHints":{"allow":["GET"]}}],"collection":[{"href":"https:\/\/moonpathlight.eu\/en\/wp-json\/wp\/v2\/pages"}],"about":[{"href":"https:\/\/moonpathlight.eu\/en\/wp-json\/wp\/v2\/types\/page"}],"author":[{"embeddable":true,"href":"https:\/\/moonpathlight.eu\/en\/wp-json\/wp\/v2\/users\/1"}],"replies":[{"embeddable":true,"href":"https:\/\/moonpathlight.eu\/en\/wp-json\/wp\/v2\/comments?post=1170"}],"version-history":[{"count":11,"href":"https:\/\/moonpathlight.eu\/en\/wp-json\/wp\/v2\/pages\/1170\/revisions"}],"predecessor-version":[{"id":1560,"href":"https:\/\/moonpathlight.eu\/en\/wp-json\/wp\/v2\/pages\/1170\/revisions\/1560"}],"wp:attachment":[{"href":"https:\/\/moonpathlight.eu\/en\/wp-json\/wp\/v2\/media?parent=1170"}],"curies":[{"name":"wp","href":"https:\/\/api.w.org\/{rel}","templated":true}]}}